{"id":524,"date":"2026-02-12T12:44:15","date_gmt":"2026-02-12T12:44:15","guid":{"rendered":"https:\/\/emayamaroquinerie.com\/?post_type=product&#038;p=524"},"modified":"2026-02-12T21:46:22","modified_gmt":"2026-02-12T21:46:22","slug":"fleurs","status":"publish","type":"product","link":"https:\/\/emayamaroquinerie.com\/index.php\/produit\/fleurs\/","title":{"rendered":"Fleurs artisanales en cuirs sur tiges"},"content":{"rendered":"<p>Nos fleurs en cuir allient l\u2019\u00e9l\u00e9gance d\u2019un mat\u00e9riau noble \u00e0 la praticit\u00e9 de tiges m\u00e9talliques flexibles. Chaque fleur est soigneusement fabriqu\u00e9e \u00e0 la main, avec des p\u00e9tales en cuir souple et des d\u00e9tails r\u00e9alistes, (certaines cousues) pour un rendu naturel et raffin\u00e9.<\/p>\n<h1><u>Pourquoi les aimer ?<\/u><\/h1>\n<ul>\n<li>100% cuir : Un mat\u00e9riau noble et r\u00e9sistant, pour des fleurs qui durent.<\/li>\n<li>Tiges m\u00e9talliques flexibles : Elles permettent de modeler et d&rsquo;ajuster la forme des fleurs selon vos envies. Id\u00e9ales pour cr\u00e9er des compositions dynamiques ou les glisser dans un vase, une bouteille, les fixer \u00e0 un support ou m\u00eame les piquer dans une plante en pot.<\/li>\n<li>Couleurs vari\u00e9es : Du rouge vif au bleu profond, en passant par des tons plus doux, il y en a pour tous les go\u00fbts.<\/li>\n<li>Sans entretien : Pas besoin d\u2019eau ni de lumi\u00e8re, elles gardent leur \u00e9clat ind\u00e9finiment.<\/li>\n<li>Polyvalentes : Parfaites pour d\u00e9corer une pi\u00e8ce, offrir un cadeau unique ou agr\u00e9menter un \u00e9v\u00e9nement.<\/li>\n<\/ul>\n<h1><u>Parfaites pour :<\/u><\/h1>\n<ul>\n<li>Une d\u00e9co moderne et durable<\/li>\n<li>Un cadeau original et personnalis\u00e9.<\/li>\n<li>Une ambiance chaleureuse et styl\u00e9e.<\/li>\n<\/ul>\n<p>Avec nos fleurs en cuir, ajoutez une touche naturelle et \u00e9l\u00e9gante \u00e0 votre espace, sans les contraintes des fleurs fra\u00eeches.<\/p>\n<h1><u>Dimensions: <\/u><\/h1>\n<ul>\n<li>Hauteur de la tiges environ 29 cms<\/li>\n<li>Diam\u00e8tre environ 8 cms<\/li>\n<\/ul>\n<h1><\/h1>\n<h1><\/h1>\n<h1><\/h1>\n<h1><\/h1>\n<h1><\/h1>\n<h1><\/h1>\n<h1><\/h1>\n<h1><\/h1>\n<h1><\/h1>\n<h1><\/h1>\n<h1><\/h1>\n<h1><\/h1>\n<h1><\/h1>\n","protected":false},"excerpt":{"rendered":"<p>Nos fleurs en cuir allient l\u2019\u00e9l\u00e9gance d\u2019un mat\u00e9riau noble \u00e0 la praticit\u00e9 de tiges m\u00e9talliques flexibles. Chaque fleur est soigneusement fabriqu\u00e9e \u00e0 la main, avec des p\u00e9tales en cuir souple et des d\u00e9tails r\u00e9alistes, (certaines cousues) pour un rendu naturel et raffin\u00e9. Pourquoi les aimer ? 100% cuir : Un mat\u00e9riau noble et r\u00e9sistant, pour [&hellip;]<\/p>\n","protected":false},"featured_media":584,"comment_status":"open","ping_status":"closed","template":"","meta":[],"product_brand":[],"product_cat":[50],"product_tag":[],"class_list":{"0":"post-524","1":"product","2":"type-product","3":"status-publish","4":"has-post-thumbnail","6":"product_cat-fleurs","8":"first","9":"instock","10":"shipping-taxable","11":"purchasable","12":"product-type-variable"},"jetpack_sharing_enabled":true,"tiered_pricing_type":"fixed","tiered_pricing_fixed_rules":[],"tiered_pricing_product_settings":{"layout":"default","base_unit_name":{"singular":null,"plural":null},"default_variation":null},"tiered_pricing_minimum_quantity":null,"tiered_pricing_roles_data":[],"tiered_pricing_percentage_rules":[],"_links":{"self":[{"href":"https:\/\/emayamaroquinerie.com\/index.php\/wp-json\/wp\/v2\/product\/524","targetHints":{"allow":["GET"]}}],"collection":[{"href":"https:\/\/emayamaroquinerie.com\/index.php\/wp-json\/wp\/v2\/product"}],"about":[{"href":"https:\/\/emayamaroquinerie.com\/index.php\/wp-json\/wp\/v2\/types\/product"}],"replies":[{"embeddable":true,"href":"https:\/\/emayamaroquinerie.com\/index.php\/wp-json\/wp\/v2\/comments?post=524"}],"wp:featuredmedia":[{"embeddable":true,"href":"https:\/\/emayamaroquinerie.com\/index.php\/wp-json\/wp\/v2\/media\/584"}],"wp:attachment":[{"href":"https:\/\/emayamaroquinerie.com\/index.php\/wp-json\/wp\/v2\/media?parent=524"}],"wp:term":[{"taxonomy":"product_brand","embeddable":true,"href":"https:\/\/emayamaroquinerie.com\/index.php\/wp-json\/wp\/v2\/product_brand?post=524"},{"taxonomy":"product_cat","embeddable":true,"href":"https:\/\/emayamaroquinerie.com\/index.php\/wp-json\/wp\/v2\/product_cat?post=524"},{"taxonomy":"product_tag","embeddable":true,"href":"https:\/\/emayamaroquinerie.com\/index.php\/wp-json\/wp\/v2\/product_tag?post=524"}],"curies":[{"name":"wp","href":"https:\/\/api.w.org\/{rel}","templated":true}]}}