{"id":477,"date":"2026-02-05T20:17:44","date_gmt":"2026-02-05T20:17:44","guid":{"rendered":"https:\/\/emayamaroquinerie.com\/?post_type=product&#038;p=477"},"modified":"2026-02-06T12:39:33","modified_gmt":"2026-02-06T12:39:33","slug":"boucles-doreilles-double-coeurs-bordeau","status":"publish","type":"product","link":"https:\/\/emayamaroquinerie.com\/index.php\/produit\/boucles-doreilles-double-coeurs-bordeau\/","title":{"rendered":"Boucles d&rsquo;oreilles double c\u0153urs  bordeau"},"content":{"rendered":"<p>D\u00e9couvrez ces boucles d\u2019oreilles en forme de c\u0153ur. Chaque paire se compose d\u2019un grand c\u0153ur ajour\u00e9, surmont\u00e9 d\u2019un petit c\u0153ur, pour un design romantique et raffin\u00e9. Le cuir, soigneusement travaill\u00e9, offre une texture douce et une finition lisse, tandis que la couleur bordeaux apporte une touche chaleureuse et sophistiqu\u00e9e.<\/p>\n<p>Les tranches sont trait\u00e9es au Tokonol, un m\u00e9lange de colle et de cire qui permet de fixer les fibres et d\u2019apporter un fini lustr\u00e9. R\u00e9sultat : une finition impeccable, lisse et soign\u00e9e.<\/p>\n<p>Dimensions: L 3,6 cms \u00d7 H 6 cms<\/p>\n<p>Mat\u00e9riau: 100% argent<\/p>\n","protected":false},"excerpt":{"rendered":"<p>D\u00e9couvrez ces boucles d\u2019oreilles en forme de c\u0153ur. Chaque paire se compose d\u2019un grand c\u0153ur ajour\u00e9, surmont\u00e9 d\u2019un petit c\u0153ur, pour un design romantique et raffin\u00e9. Le cuir, soigneusement travaill\u00e9, offre une texture douce et une finition lisse, tandis que la couleur bordeaux apporte une touche chaleureuse et sophistiqu\u00e9e. Les tranches sont trait\u00e9es au Tokonol, [&hellip;]<\/p>\n","protected":false},"featured_media":479,"comment_status":"open","ping_status":"closed","template":"","meta":[],"product_brand":[],"product_cat":[33],"product_tag":[],"class_list":{"0":"post-477","1":"product","2":"type-product","3":"status-publish","4":"has-post-thumbnail","6":"product_cat-boucles-doreilles","7":"product_shipping_class-petits-objets","9":"first","10":"instock","11":"shipping-taxable","12":"purchasable","13":"product-type-simple"},"jetpack_sharing_enabled":true,"tiered_pricing_type":"fixed","tiered_pricing_fixed_rules":[],"tiered_pricing_product_settings":{"layout":"default","base_unit_name":{"singular":null,"plural":null},"default_variation":null},"tiered_pricing_minimum_quantity":null,"tiered_pricing_roles_data":[],"tiered_pricing_percentage_rules":[],"_links":{"self":[{"href":"https:\/\/emayamaroquinerie.com\/index.php\/wp-json\/wp\/v2\/product\/477","targetHints":{"allow":["GET"]}}],"collection":[{"href":"https:\/\/emayamaroquinerie.com\/index.php\/wp-json\/wp\/v2\/product"}],"about":[{"href":"https:\/\/emayamaroquinerie.com\/index.php\/wp-json\/wp\/v2\/types\/product"}],"replies":[{"embeddable":true,"href":"https:\/\/emayamaroquinerie.com\/index.php\/wp-json\/wp\/v2\/comments?post=477"}],"wp:featuredmedia":[{"embeddable":true,"href":"https:\/\/emayamaroquinerie.com\/index.php\/wp-json\/wp\/v2\/media\/479"}],"wp:attachment":[{"href":"https:\/\/emayamaroquinerie.com\/index.php\/wp-json\/wp\/v2\/media?parent=477"}],"wp:term":[{"taxonomy":"product_brand","embeddable":true,"href":"https:\/\/emayamaroquinerie.com\/index.php\/wp-json\/wp\/v2\/product_brand?post=477"},{"taxonomy":"product_cat","embeddable":true,"href":"https:\/\/emayamaroquinerie.com\/index.php\/wp-json\/wp\/v2\/product_cat?post=477"},{"taxonomy":"product_tag","embeddable":true,"href":"https:\/\/emayamaroquinerie.com\/index.php\/wp-json\/wp\/v2\/product_tag?post=477"}],"curies":[{"name":"wp","href":"https:\/\/api.w.org\/{rel}","templated":true}]}}