{"id":473,"date":"2026-02-05T20:12:47","date_gmt":"2026-02-05T20:12:47","guid":{"rendered":"https:\/\/emayamaroquinerie.com\/?post_type=product&#038;p=473"},"modified":"2026-02-06T12:35:26","modified_gmt":"2026-02-06T12:35:26","slug":"boucles-doreilles-double-coeurs-petillant-lilas","status":"publish","type":"product","link":"https:\/\/emayamaroquinerie.com\/index.php\/produit\/boucles-doreilles-double-coeurs-petillant-lilas\/","title":{"rendered":"Boucles d&rsquo;oreilles double c\u0153urs p\u00e9tillant lilas"},"content":{"rendered":"<p>Craquez pour ces boucles d\u2019oreilles en forme de c\u0153ur, orn\u00e9es de paillettes scintillantes pour un effet magique et romantique. Chaque paire se compose d\u2019un grand c\u0153ur ajour\u00e9, surmont\u00e9 d\u2019un petit c\u0153ur, le tout dans une douce teinte lilas. L\u00e9g\u00e8res et \u00e9l\u00e9gantes, elles apportent une touche de douceur et de brillance \u00e0 toutes vos tenues. Parfaites pour ajouter une note festive et f\u00e9minine \u00e0 votre style !<\/p>\n<p>Les tranches sont trait\u00e9es au Tokonol, un m\u00e9lange de colle et de cire qui permet de fixer les fibres et d\u2019apporter un fini lustr\u00e9. R\u00e9sultat : une finition impeccable, lisse et soign\u00e9e.<\/p>\n<p>Dimensions: L max 3,6 cms \u00d7 H 6cms<\/p>\n<p>Mat\u00e9riau: 100% argent<\/p>\n","protected":false},"excerpt":{"rendered":"<p>Craquez pour ces boucles d\u2019oreilles en forme de c\u0153ur, orn\u00e9es de paillettes scintillantes pour un effet magique et romantique. Chaque paire se compose d\u2019un grand c\u0153ur ajour\u00e9, surmont\u00e9 d\u2019un petit c\u0153ur, le tout dans une douce teinte lilas. L\u00e9g\u00e8res et \u00e9l\u00e9gantes, elles apportent une touche de douceur et de brillance \u00e0 toutes vos tenues. Parfaites [&hellip;]<\/p>\n","protected":false},"featured_media":476,"comment_status":"open","ping_status":"closed","template":"","meta":[],"product_brand":[],"product_cat":[33],"product_tag":[],"class_list":{"0":"post-473","1":"product","2":"type-product","3":"status-publish","4":"has-post-thumbnail","6":"product_cat-boucles-doreilles","7":"product_shipping_class-petits-objets","9":"first","10":"instock","11":"shipping-taxable","12":"purchasable","13":"product-type-simple"},"jetpack_sharing_enabled":true,"tiered_pricing_type":"fixed","tiered_pricing_fixed_rules":[],"tiered_pricing_product_settings":{"layout":"default","base_unit_name":{"singular":null,"plural":null},"default_variation":null},"tiered_pricing_minimum_quantity":null,"tiered_pricing_roles_data":[],"tiered_pricing_percentage_rules":[],"_links":{"self":[{"href":"https:\/\/emayamaroquinerie.com\/index.php\/wp-json\/wp\/v2\/product\/473","targetHints":{"allow":["GET"]}}],"collection":[{"href":"https:\/\/emayamaroquinerie.com\/index.php\/wp-json\/wp\/v2\/product"}],"about":[{"href":"https:\/\/emayamaroquinerie.com\/index.php\/wp-json\/wp\/v2\/types\/product"}],"replies":[{"embeddable":true,"href":"https:\/\/emayamaroquinerie.com\/index.php\/wp-json\/wp\/v2\/comments?post=473"}],"wp:featuredmedia":[{"embeddable":true,"href":"https:\/\/emayamaroquinerie.com\/index.php\/wp-json\/wp\/v2\/media\/476"}],"wp:attachment":[{"href":"https:\/\/emayamaroquinerie.com\/index.php\/wp-json\/wp\/v2\/media?parent=473"}],"wp:term":[{"taxonomy":"product_brand","embeddable":true,"href":"https:\/\/emayamaroquinerie.com\/index.php\/wp-json\/wp\/v2\/product_brand?post=473"},{"taxonomy":"product_cat","embeddable":true,"href":"https:\/\/emayamaroquinerie.com\/index.php\/wp-json\/wp\/v2\/product_cat?post=473"},{"taxonomy":"product_tag","embeddable":true,"href":"https:\/\/emayamaroquinerie.com\/index.php\/wp-json\/wp\/v2\/product_tag?post=473"}],"curies":[{"name":"wp","href":"https:\/\/api.w.org\/{rel}","templated":true}]}}