{"id":342,"date":"2026-01-27T00:32:57","date_gmt":"2026-01-27T00:32:57","guid":{"rendered":"https:\/\/emayamaroquinerie.com\/?post_type=product&#038;p=342"},"modified":"2026-01-27T00:43:24","modified_gmt":"2026-01-27T00:43:24","slug":"bourse-rouge-et-dore-2-3","status":"publish","type":"product","link":"https:\/\/emayamaroquinerie.com\/index.php\/produit\/bourse-rouge-et-dore-2-3\/","title":{"rendered":"Bourse bleu et grise"},"content":{"rendered":"<p><u>Bourse \u2013 \u00c9l\u00e9gante et originale <\/u><\/p>\n<p>Cette petite bourse allie un design moderne et des mat\u00e9riaux de qualit\u00e9 pour un accessoire \u00e0 la fois pratique et esth\u00e9tique. Parfaite pour ranger vos pi\u00e8ces de monnaie, bijoux ou petits objets, elle apporte une touche d\u2019originalit\u00e9 \u00e0 votre quotidien.<\/p>\n<p><u>Caract\u00e9ristiques principales :<\/u><\/p>\n<p>-Design contemporain : Forme g\u00e9om\u00e9trique et stylis\u00e9e, avec des courbes \u00e9l\u00e9gantes et des d\u00e9tails soign\u00e9s.<\/p>\n<p>-Mat\u00e9riaux haut de gamme : Combinaison de cuir taurillon et d&rsquo;agneau , cr\u00e9ant un contraste sophistiqu\u00e9, \u00e9l\u00e9gant et une texture agr\u00e9able au toucher.<\/p>\n<p>-Fermeture s\u00e9curis\u00e9e : Un cordon noir avec des embouts nou\u00e9 et d&rsquo;une pression permet de fermer et d\u2019ouvrir facilement la bourse, tout en assurant la s\u00e9curit\u00e9 de son contenu.<\/p>\n<p>-Int\u00e9rieur spacieux : Malgr\u00e9 sa taille compacte, elle offre un espace suffisant pour y glisser pi\u00e8ces, cl\u00e9s, ou petits bijoux.<\/p>\n<p>-D\u00e9tails artisanaux : Les coutures sont cousues \u00e0 la main au point sellier, les tranches sont astiqu\u00e9es ainsi que les trous o\u00f9 passe le cordon ce qui renforcent son charme et sa durabilit\u00e9.<\/p>\n<p>-Polyvalente : Peut \u00eatre utilis\u00e9e comme porte-monnaie, trousse \u00e0 bijoux, ou m\u00eame comme \u00e9l\u00e9ment d\u00e9coratif dans un sac.<\/p>\n<p><u>Id\u00e9al pour :<\/u><\/p>\n<p>-Un cadeau original et mignon pour les amateurs de designs uniques et color\u00e9s.<\/p>\n<p>-Ceux qui recherchent un accessoire pratique et esth\u00e9tique pour organiser leurs petits objets.<\/p>\n<p>-Une touche de fantaisie et de gaiet\u00e9 dans le quotidien<\/p>\n<p><u>Dimensions : <\/u>diam\u00e8tre 7 cms, Hauteur 10 cms<\/p>\n<p>Fabriqu\u00e9e \u00e0 la main avec soin pour garantir un produit unique et durable.<\/p>\n","protected":false},"excerpt":{"rendered":"<p>Bourse \u2013 \u00c9l\u00e9gante et originale Cette petite bourse allie un design moderne et des mat\u00e9riaux de qualit\u00e9 pour un accessoire \u00e0 la fois pratique et esth\u00e9tique. Parfaite pour ranger vos pi\u00e8ces de monnaie, bijoux ou petits objets, elle apporte une touche d\u2019originalit\u00e9 \u00e0 votre quotidien. Caract\u00e9ristiques principales : -Design contemporain : Forme g\u00e9om\u00e9trique et stylis\u00e9e, [&hellip;]<\/p>\n","protected":false},"featured_media":345,"comment_status":"open","ping_status":"closed","template":"","meta":[],"product_brand":[],"product_cat":[31],"product_tag":[],"class_list":{"0":"post-342","1":"product","2":"type-product","3":"status-publish","4":"has-post-thumbnail","6":"product_cat-bourses","7":"product_shipping_class-petits-objets","9":"first","10":"instock","11":"shipping-taxable","12":"purchasable","13":"product-type-simple"},"jetpack_sharing_enabled":true,"tiered_pricing_type":"fixed","tiered_pricing_fixed_rules":[],"tiered_pricing_product_settings":{"layout":"default","base_unit_name":{"singular":null,"plural":null},"default_variation":null},"tiered_pricing_minimum_quantity":null,"tiered_pricing_roles_data":[],"tiered_pricing_percentage_rules":[],"_links":{"self":[{"href":"https:\/\/emayamaroquinerie.com\/index.php\/wp-json\/wp\/v2\/product\/342","targetHints":{"allow":["GET"]}}],"collection":[{"href":"https:\/\/emayamaroquinerie.com\/index.php\/wp-json\/wp\/v2\/product"}],"about":[{"href":"https:\/\/emayamaroquinerie.com\/index.php\/wp-json\/wp\/v2\/types\/product"}],"replies":[{"embeddable":true,"href":"https:\/\/emayamaroquinerie.com\/index.php\/wp-json\/wp\/v2\/comments?post=342"}],"wp:featuredmedia":[{"embeddable":true,"href":"https:\/\/emayamaroquinerie.com\/index.php\/wp-json\/wp\/v2\/media\/345"}],"wp:attachment":[{"href":"https:\/\/emayamaroquinerie.com\/index.php\/wp-json\/wp\/v2\/media?parent=342"}],"wp:term":[{"taxonomy":"product_brand","embeddable":true,"href":"https:\/\/emayamaroquinerie.com\/index.php\/wp-json\/wp\/v2\/product_brand?post=342"},{"taxonomy":"product_cat","embeddable":true,"href":"https:\/\/emayamaroquinerie.com\/index.php\/wp-json\/wp\/v2\/product_cat?post=342"},{"taxonomy":"product_tag","embeddable":true,"href":"https:\/\/emayamaroquinerie.com\/index.php\/wp-json\/wp\/v2\/product_tag?post=342"}],"curies":[{"name":"wp","href":"https:\/\/api.w.org\/{rel}","templated":true}]}}