{"id":301,"date":"2026-01-26T22:53:00","date_gmt":"2026-01-26T22:53:00","guid":{"rendered":"https:\/\/emayamaroquinerie.com\/?post_type=product&#038;p=301"},"modified":"2026-01-26T22:55:55","modified_gmt":"2026-01-26T22:55:55","slug":"etui-a-lunettes-enfant-noir-cousu-creme-3","status":"publish","type":"product","link":"https:\/\/emayamaroquinerie.com\/index.php\/produit\/etui-a-lunettes-enfant-noir-cousu-creme-3\/","title":{"rendered":"\u00c9tui \u00e0 lunettes enfant rose cousu cr\u00e8me"},"content":{"rendered":"<p>\u00c9tui \u00e9l\u00e9gant et pratique \u2013 Design moderne et color\u00e9<\/p>\n<p>Cet \u00e9tui au design \u00e9pur\u00e9 et moderne est parfait pour prot\u00e9ger et transporter les lunettes enfants en toute s\u00e9curit\u00e9. Fabriqu\u00e9 dans un mat\u00e9riau de qualit\u00e9, cuir textur\u00e9, il allie robustesse et style.<\/p>\n<p>Peut convenir pour des clips solaires de monture adulte ( v\u00e9rifier la taille) .<\/p>\n<p>Caract\u00e9ristiques principales :<\/p>\n<p>Finition soign\u00e9e : Les bords sont astiqu\u00e9s pour plus de durabilit\u00e9 et d&rsquo;esth\u00e9tisme. Cousue \u00e0 la main avec pr\u00e9cision, renfor\u00e7ant la durabilit\u00e9 de l&rsquo;\u00e9tui.<\/p>\n<p>Fermeture s\u00e9curis\u00e9e : Une attache avec un bouton de cuir roul\u00e9 et une lani\u00e8re permet de maintenir le contenu en place et d&rsquo;\u00e9viter toute perte.<\/p>\n<p>Format compact : Con\u00e7u pour \u00eatre facile \u00e0 transporter, il glisse facilement dans un sac ou une poche.<\/p>\n<p>Id\u00e9al pour :<\/p>\n<p>-Un accessoire pratique et \u00e9l\u00e9gant pour les lunettes.<\/p>\n<p>-Un cadeau styl\u00e9 et utile pour les amateurs de design moderne.<\/p>\n<p>-Ceux qui recherchent un produit \u00e0 la fois fonctionnel et esth\u00e9tique.<\/p>\n<p>Dimensions : 15 \u00d7 7 cms<\/p>\n<p>Fabriqu\u00e9 \u00e0 la main avec soin pour garantir un produit unique et durable<\/p>\n","protected":false},"excerpt":{"rendered":"<p>\u00c9tui \u00e9l\u00e9gant et pratique \u2013 Design moderne et color\u00e9 Cet \u00e9tui au design \u00e9pur\u00e9 et moderne est parfait pour prot\u00e9ger et transporter les lunettes enfants en toute s\u00e9curit\u00e9. Fabriqu\u00e9 dans un mat\u00e9riau de qualit\u00e9, cuir textur\u00e9, il allie robustesse et style. Peut convenir pour des clips solaires de monture adulte ( v\u00e9rifier la taille) . [&hellip;]<\/p>\n","protected":false},"featured_media":304,"comment_status":"open","ping_status":"closed","template":"","meta":[],"product_brand":[],"product_cat":[30],"product_tag":[],"class_list":{"0":"post-301","1":"product","2":"type-product","3":"status-publish","4":"has-post-thumbnail","6":"product_cat-etuis-a-lunettes-enfants","7":"product_shipping_class-petits-objets","9":"first","10":"instock","11":"shipping-taxable","12":"purchasable","13":"product-type-simple"},"jetpack_sharing_enabled":true,"tiered_pricing_type":"fixed","tiered_pricing_fixed_rules":[],"tiered_pricing_product_settings":{"layout":"default","base_unit_name":{"singular":null,"plural":null},"default_variation":null},"tiered_pricing_minimum_quantity":null,"tiered_pricing_roles_data":[],"tiered_pricing_percentage_rules":[],"_links":{"self":[{"href":"https:\/\/emayamaroquinerie.com\/index.php\/wp-json\/wp\/v2\/product\/301","targetHints":{"allow":["GET"]}}],"collection":[{"href":"https:\/\/emayamaroquinerie.com\/index.php\/wp-json\/wp\/v2\/product"}],"about":[{"href":"https:\/\/emayamaroquinerie.com\/index.php\/wp-json\/wp\/v2\/types\/product"}],"replies":[{"embeddable":true,"href":"https:\/\/emayamaroquinerie.com\/index.php\/wp-json\/wp\/v2\/comments?post=301"}],"wp:featuredmedia":[{"embeddable":true,"href":"https:\/\/emayamaroquinerie.com\/index.php\/wp-json\/wp\/v2\/media\/304"}],"wp:attachment":[{"href":"https:\/\/emayamaroquinerie.com\/index.php\/wp-json\/wp\/v2\/media?parent=301"}],"wp:term":[{"taxonomy":"product_brand","embeddable":true,"href":"https:\/\/emayamaroquinerie.com\/index.php\/wp-json\/wp\/v2\/product_brand?post=301"},{"taxonomy":"product_cat","embeddable":true,"href":"https:\/\/emayamaroquinerie.com\/index.php\/wp-json\/wp\/v2\/product_cat?post=301"},{"taxonomy":"product_tag","embeddable":true,"href":"https:\/\/emayamaroquinerie.com\/index.php\/wp-json\/wp\/v2\/product_tag?post=301"}],"curies":[{"name":"wp","href":"https:\/\/api.w.org\/{rel}","templated":true}]}}