{"id":166,"date":"2026-01-18T09:55:34","date_gmt":"2026-01-18T09:55:34","guid":{"rendered":"https:\/\/emayamaroquinerie.com\/?page_id=166"},"modified":"2026-01-20T20:37:33","modified_gmt":"2026-01-20T20:37:33","slug":"accueil","status":"publish","type":"page","link":"https:\/\/emayamaroquinerie.com\/","title":{"rendered":"Emaya cr\u00e9ations &#8211; L\u2019\u00c9l\u00e9gance du Cuir Fait Main"},"content":{"rendered":"<div class=\"wp-block-image\">\n<figure class=\"aligncenter size-large\"><img loading=\"lazy\" decoding=\"async\" width=\"1024\" height=\"773\" src=\"https:\/\/emayamaroquinerie.com\/wp-content\/uploads\/2026\/01\/emaya-pochette-cuir-1-1024x773.jpg\" alt=\"\" class=\"wp-image-180\" srcset=\"https:\/\/emayamaroquinerie.com\/wp-content\/uploads\/2026\/01\/emaya-pochette-cuir-1-1024x773.jpg 1024w, https:\/\/emayamaroquinerie.com\/wp-content\/uploads\/2026\/01\/emaya-pochette-cuir-1-300x226.jpg 300w, https:\/\/emayamaroquinerie.com\/wp-content\/uploads\/2026\/01\/emaya-pochette-cuir-1-768x579.jpg 768w, https:\/\/emayamaroquinerie.com\/wp-content\/uploads\/2026\/01\/emaya-pochette-cuir-1-1536x1159.jpg 1536w, https:\/\/emayamaroquinerie.com\/wp-content\/uploads\/2026\/01\/emaya-pochette-cuir-1-2048x1545.jpg 2048w, https:\/\/emayamaroquinerie.com\/wp-content\/uploads\/2026\/01\/emaya-pochette-cuir-1-1320x996.jpg 1320w, https:\/\/emayamaroquinerie.com\/wp-content\/uploads\/2026\/01\/emaya-pochette-cuir-1-416x314.jpg 416w\" sizes=\"auto, (max-width: 1024px) 100vw, 1024px\" \/><\/figure>\n<\/div>\n\n\n<p class=\"has-black-color has-white-background-color has-text-color has-background has-link-color wp-elements-27857072d760b499c47fb96f4840eb30\">D\u00e9couvrez des <strong>pi\u00e8ces uniques en cuir fait main<\/strong>, alliant <strong>savoir-faire artisanal<\/strong> et <strong>finitions d\u2019exception<\/strong>. Chez Emaya Cr\u00e9ations, chaque objet est con\u00e7u avec passion et minutie, pour des accessoires <strong>durables, \u00e9l\u00e9gants et intemporels<\/strong>.<\/p>\n\n\n\n<p>\u2728 <strong>Pourquoi choisir Emaya Cr\u00e9ations ?<\/strong><\/p>\n\n\n\n<ul class=\"wp-block-list\">\n<li><strong>Fabriqu\u00e9 en France<\/strong> : Un savoir-faire local et une attention aux d\u00e9tails in\u00e9gal\u00e9e.<\/li>\n\n\n\n<li><strong>Personnalisation<\/strong> : Des pi\u00e8ces uniques, adapt\u00e9es \u00e0 vos envies.<\/li>\n\n\n\n<li><strong>\u00c9thique et durable<\/strong> : Des mat\u00e9riaux choisis avec soin pour un impact responsable et un travail de minimisation des chutes.<\/li>\n<\/ul>\n\n\n\n<p>\ud83d\udcbc <strong>Sac \u00e0 main, portefeuilles, accessoires<\/strong> : Des cr\u00e9ations qui racontent une histoire, la v\u00f4tre.<\/p>\n\n\n\n<p>Parfaites pour <strong>offrir ou s\u2019offrir<\/strong>, nos pi\u00e8ces en cuir sont con\u00e7ues pour <strong>traverser le temps avec \u00e9l\u00e9gance<\/strong>.<\/p>\n\n\n\n<p class=\"has-black-color has-white-background-color has-text-color has-background has-link-color wp-elements-ecac39e446b7d2607e58b1838a0f0fc2\">\ud83d\udcf2 <a href=\"https:\/\/emayamaroquinerie.com\/index.php\/boutique\/\" data-type=\"page\" data-id=\"7\"><strong>D\u00e9couvrez notre collection d\u00e8s maintenant<\/strong> et laissez-vous s\u00e9duire par l\u2019artisanat d\u2019exception.<\/a><\/p>\n\n\n\n<p><\/p>\n\n\n\n<p class=\"has-text-align-center has-medium-font-size\">Retrouvez moi sur Instagram et Facebook<\/p>\n\n\n<div class=\"wp-block-image\">\n<figure class=\"aligncenter size-full\"><a href=\"https:\/\/www.instagram.com\/emayacreationscuirs?igsh=NG15MXg4em44dWFw\"><img loading=\"lazy\" decoding=\"async\" width=\"157\" height=\"148\" src=\"https:\/\/emayamaroquinerie.com\/wp-content\/uploads\/2026\/01\/Emaya-maroquinerie-Instagram.jpg\" alt=\"\" class=\"wp-image-184\"\/><\/a><\/figure>\n<\/div>\n\n\n<p class=\"has-text-align-center\"><a href=\"https:\/\/www.instagram.com\/emayacreationscuirs?igsh=NG15MXg4em44dWFw\">https:\/\/www.instagram.com\/emayacreationscuirs?igsh=NG15MXg4em44dWFw<\/a><\/p>\n\n\n\n<p><\/p>\n\n\n<div class=\"wp-block-image\">\n<figure class=\"aligncenter size-full\"><a href=\"https:\/\/www.facebook.com\/share\/18CB8KfQw3\/\"><img loading=\"lazy\" decoding=\"async\" width=\"150\" height=\"148\" src=\"https:\/\/emayamaroquinerie.com\/wp-content\/uploads\/2026\/01\/Facebook-emaya-maroquinerie-1.png\" alt=\"\" class=\"wp-image-183\" srcset=\"https:\/\/emayamaroquinerie.com\/wp-content\/uploads\/2026\/01\/Facebook-emaya-maroquinerie-1.png 150w, https:\/\/emayamaroquinerie.com\/wp-content\/uploads\/2026\/01\/Facebook-emaya-maroquinerie-1-100x100.png 100w\" sizes=\"auto, (max-width: 150px) 100vw, 150px\" \/><\/a><\/figure>\n<\/div>\n\n\n<p class=\"has-text-align-center\"><a href=\"https:\/\/www.facebook.com\/share\/18CB8KfQw3\">https:\/\/www.facebook.com\/share\/18CB8KfQw3<\/a><\/p>\n","protected":false},"excerpt":{"rendered":"<p>D\u00e9couvrez des pi\u00e8ces uniques en cuir fait main, alliant savoir-faire artisanal et finitions d\u2019exception. Chez Emaya Cr\u00e9ations, chaque objet est con\u00e7u avec passion et minutie, pour des accessoires durables, \u00e9l\u00e9gants et intemporels. \u2728 Pourquoi choisir Emaya Cr\u00e9ations ? \ud83d\udcbc Sac \u00e0 main, portefeuilles, accessoires : Des cr\u00e9ations qui racontent une histoire, la v\u00f4tre. Parfaites pour [&hellip;]<\/p>\n","protected":false},"author":1,"featured_media":0,"parent":0,"menu_order":0,"comment_status":"closed","ping_status":"closed","template":"","meta":{"footnotes":""},"class_list":["post-166","page","type-page","status-publish","hentry"],"jetpack_sharing_enabled":true,"_links":{"self":[{"href":"https:\/\/emayamaroquinerie.com\/index.php\/wp-json\/wp\/v2\/pages\/166","targetHints":{"allow":["GET"]}}],"collection":[{"href":"https:\/\/emayamaroquinerie.com\/index.php\/wp-json\/wp\/v2\/pages"}],"about":[{"href":"https:\/\/emayamaroquinerie.com\/index.php\/wp-json\/wp\/v2\/types\/page"}],"author":[{"embeddable":true,"href":"https:\/\/emayamaroquinerie.com\/index.php\/wp-json\/wp\/v2\/users\/1"}],"replies":[{"embeddable":true,"href":"https:\/\/emayamaroquinerie.com\/index.php\/wp-json\/wp\/v2\/comments?post=166"}],"version-history":[{"count":10,"href":"https:\/\/emayamaroquinerie.com\/index.php\/wp-json\/wp\/v2\/pages\/166\/revisions"}],"predecessor-version":[{"id":185,"href":"https:\/\/emayamaroquinerie.com\/index.php\/wp-json\/wp\/v2\/pages\/166\/revisions\/185"}],"wp:attachment":[{"href":"https:\/\/emayamaroquinerie.com\/index.php\/wp-json\/wp\/v2\/media?parent=166"}],"curies":[{"name":"wp","href":"https:\/\/api.w.org\/{rel}","templated":true}]}}